{"id":40,"date":"2024-12-13T10:49:51","date_gmt":"2024-12-13T10:49:51","guid":{"rendered":"https:\/\/boing.dk\/?page_id=40"},"modified":"2024-12-13T10:50:46","modified_gmt":"2024-12-13T10:50:46","slug":"home","status":"publish","type":"page","link":"https:\/\/boing.dk\/","title":{"rendered":"Home"},"content":{"rendered":"\n<div class=\"wp-block-uagb-container uagb-block-b3f610c3 alignfull uagb-is-root-container\"><div class=\"uagb-container-inner-blocks-wrap\">\n<div class=\"wp-block-uagb-container uagb-block-c457dfb1\">\n<div class=\"wp-block-uagb-image alignleft uagb-block-f06d2b10 wp-block-uagb-image--layout-default wp-block-uagb-image--effect-static wp-block-uagb-image--align-left\"><figure class=\"wp-block-uagb-image__figure\"><img decoding=\"async\" srcset=\"https:\/\/boing.dk\/wp-content\/uploads\/2024\/12\/pexels-photo-8790297.jpeg ,https:\/\/boing.dk\/wp-content\/uploads\/2024\/12\/pexels-photo-8790297.jpeg 780w, https:\/\/boing.dk\/wp-content\/uploads\/2024\/12\/pexels-photo-8790297.jpeg 360w\" sizes=\"auto, (max-width: 480px) 150px\" src=\"https:\/\/boing.dk\/wp-content\/uploads\/2024\/12\/pexels-photo-8790297.jpeg\" alt=\"\" class=\"uag-image-6\" width=\"600\" height=\"550\" title=\"hero-01\" loading=\"lazy\" role=\"img\"\/><\/figure><\/div>\n\n\n\n<div class=\"wp-block-uagb-container uagb-layout-grid uagb-block-af531634\">\n<div class=\"wp-block-uagb-counter uagb-block-eb72779f wp-block-uagb-counter--number\"><div class=\"wp-block-uagb-counter__number\"><span class=\"uagb-counter-block-number\" data-duration=\"1.5\" data-to-value=\"80\" data-from-value=\"0\" data-delimiter=\",\"><\/span><span class=\"uagb-counter-block-suffix\">+<\/span><\/div><div class=\"wp-block-uagb-counter__title\">Tilfredse kunder<\/div><\/div>\n\n\n\n<div class=\"wp-block-uagb-container uagb-block-1c654978\">\n<div class=\"wp-block-uagb-counter uagb-block-1387a750 wp-block-uagb-counter--number\"><div class=\"wp-block-uagb-counter__number\"><span class=\"uagb-counter-block-number\" data-duration=\"1.5\" data-to-value=\"50\" data-from-value=\"0\" data-delimiter=\",\"><\/span><span class=\"uagb-counter-block-suffix\">k<\/span><\/div><div class=\"wp-block-uagb-counter__title\">Udf\u00f8rte projekter<\/div><\/div>\n<\/div>\n<\/div>\n<\/div>\n\n\n\n<div class=\"wp-block-uagb-container uagb-block-6250157e\">\n<div class=\"wp-block-uagb-image alignleft uagb-block-034c4f7d wp-block-uagb-image--layout-default wp-block-uagb-image--effect-static wp-block-uagb-image--align-left\"><figure class=\"wp-block-uagb-image__figure\"><img decoding=\"async\" srcset=\"https:\/\/boing.dk\/wp-content\/uploads\/2024\/12\/pexels-photo-6668319.jpeg ,https:\/\/boing.dk\/wp-content\/uploads\/2024\/12\/pexels-photo-6668319.jpeg 780w, https:\/\/boing.dk\/wp-content\/uploads\/2024\/12\/pexels-photo-6668319.jpeg 360w\" sizes=\"auto, (max-width: 480px) 150px\" src=\"https:\/\/boing.dk\/wp-content\/uploads\/2024\/12\/pexels-photo-6668319.jpeg\" alt=\"\" class=\"uag-image-7\" width=\"600\" height=\"300\" title=\"hero-02\" loading=\"lazy\" role=\"img\"\/><\/figure><\/div>\n\n\n\n<div class=\"wp-block-uagb-info-box uagb-block-45716d95 uagb-infobox__content-wrap  uagb-infobox-icon-above-title uagb-infobox-image-valign-top wp-block-uagb-info-box--has-margin\"><div class=\"uagb-infobox-margin-wrapper\"><div class=\"uagb-ifb-content\"><div class=\"uagb-ifb-title-wrap\"><h1 class=\"uagb-ifb-title\">Leg og l\u00e6r med Boing<\/h1><\/div><p class=\"uagb-ifb-desc\">Boing tilbyder en farverig verden fyldt med interaktive historier, kreative opgaver og sjove spil, der engagerer b\u00f8rn i l\u00e6ring og leg p\u00e5 en sikker m\u00e5de.<\/p><div class=\"uagb-ifb-button-wrapper wp-block-button\"><a href=\"\/contact\" class=\"uagb-infobox-cta-link wp-block-button__link\" target=\"_self\" rel=\"noopener noreferrer\" onclick=\"return true;\"><span class=\"uagb-inline-editing\">Start nu<\/span><\/a><\/div><\/div><\/div><\/div>\n<\/div>\n<\/div><\/div>\n\n\n\n<div class=\"wp-block-uagb-container uagb-block-de146e3a alignfull uagb-is-root-container\"><div class=\"uagb-container-inner-blocks-wrap\">\n<div class=\"wp-block-uagb-info-box uagb-block-f80c32c7 uagb-infobox__content-wrap  uagb-infobox-icon-above-title uagb-infobox-image-valign-top\"><div class=\"uagb-ifb-content\"><div class=\"uagb-ifb-title-wrap\"><span class=\"uagb-ifb-title-prefix\">Unik v\u00e6rdi<\/span><h2 class=\"uagb-ifb-title\">Oplev fordelene ved Boing: l\u00e6rerigt og sjovt indhold til b\u00f8rn<\/h2><\/div><p class=\"uagb-ifb-desc\">Boing kombinerer underholdning og l\u00e6ring, hvilket g\u00f8r det til det perfekte sted for b\u00f8rn at udvikle deres kreative f\u00e6rdigheder, mens de har det sjovt.<\/p><\/div><\/div>\n\n\n\n<div class=\"wp-block-uagb-container uagb-block-f1fb7fbf\">\n<div class=\"wp-block-uagb-container uagb-block-5982a684\">\n<div class=\"wp-block-uagb-container uagb-block-78f0e053\">\n<div class=\"wp-block-uagb-advanced-heading uagb-block-4714b2e2\"><h3 class=\"uagb-heading-text\">Interaktive historier<\/h3><p class=\"uagb-desc-text\">B\u00f8rn kan udforske en verden af sp\u00e6ndende historier, der stimulerer deres fantasi og l\u00e6sef\u00e6rdigheder. Hver fort\u00e6lling tilbyder et unikt eventyr.<\/p><\/div>\n<\/div>\n<\/div>\n\n\n\n<div class=\"wp-block-uagb-container uagb-block-f013c573\">\n<div class=\"wp-block-uagb-container uagb-block-763a3af7\">\n<div class=\"wp-block-uagb-advanced-heading uagb-block-08fb650e\"><h3 class=\"uagb-heading-text\">Kreative opgaver<\/h3><p class=\"uagb-desc-text\">Fra farvel\u00e6gning til sjove spil, b\u00f8rnene opfordres til at udtrykke sig kreativt, hvilket styrker deres motoriske f\u00e6rdigheder og kreativ t\u00e6nkning.<\/p><\/div>\n<\/div>\n<\/div>\n<\/div>\n<\/div><\/div>\n\n\n\n<div class=\"wp-block-uagb-container uagb-block-f0c30927 alignfull uagb-is-root-container\"><div class=\"uagb-container-inner-blocks-wrap\">\n<div class=\"wp-block-uagb-info-box uagb-block-c83c74ea uagb-infobox__content-wrap  uagb-infobox-icon-above-title uagb-infobox-image-valign-top wp-block-uagb-info-box--has-margin\"><div class=\"uagb-infobox-margin-wrapper\"><div class=\"uagb-ifb-content\"><div class=\"uagb-ifb-title-wrap\"><span class=\"uagb-ifb-title-prefix\">Vores tilbud<\/span><h2 class=\"uagb-ifb-title\">Udforsk vores sp\u00e6ndende tjenester<\/h2><\/div><p class=\"uagb-ifb-desc\">Boing tilbyder en r\u00e6kke aktiviteter som farvel\u00e6gning, interaktive historier og sjove spil, der engagerer b\u00f8rn b\u00e5de kreativt og intellektuelt.<\/p><\/div><\/div><\/div>\n\n\n\n<div class=\"wp-block-uagb-container uagb-block-ecc46d4a\">\n<div class=\"wp-block-uagb-container uagb-block-cf79a3f2\">\n<div class=\"wp-block-uagb-image aligncenter uagb-block-20639819 wp-block-uagb-image--layout-default wp-block-uagb-image--effect-static wp-block-uagb-image--align-center\"><figure class=\"wp-block-uagb-image__figure\"><img decoding=\"async\" srcset=\"https:\/\/boing.dk\/wp-content\/uploads\/2024\/12\/pexels-photo-3661351.jpeg ,https:\/\/boing.dk\/wp-content\/uploads\/2024\/12\/pexels-photo-3661351.jpeg 780w, https:\/\/boing.dk\/wp-content\/uploads\/2024\/12\/pexels-photo-3661351.jpeg 360w\" sizes=\"auto, (max-width: 480px) 150px\" src=\"https:\/\/boing.dk\/wp-content\/uploads\/2024\/12\/pexels-photo-3661351.jpeg\" alt=\"\" class=\"uag-image-10\" width=\"350\" height=\"220\" title=\"services-01\" loading=\"lazy\" role=\"img\"\/><\/figure><\/div>\n\n\n\n<div class=\"wp-block-uagb-info-box uagb-block-b72d42e6 uagb-infobox__content-wrap  uagb-infobox-icon-above-title uagb-infobox-image-valign-top\"><div class=\"uagb-ifb-content\"><div class=\"uagb-ifb-title-wrap\"><h3 class=\"uagb-ifb-title\">Interaktive Historier<\/h3><\/div><p class=\"uagb-ifb-desc\">Dyk ned i sp\u00e6ndende historier, hvor dit barn kan deltage aktivt.<\/p><div class=\"uagb-ifb-button-wrapper wp-block-button\"><a href=\"services\/\" target=\"_self\" onclick=\"return true;\" class=\"uagb-infobox-cta-link\" rel=\"noopener noreferrer\"><span class=\"uagb-inline-editing\">L\u00e6s mere<\/span><\/a><\/div><\/div><\/div>\n<\/div>\n\n\n\n<div class=\"wp-block-uagb-container uagb-block-8585175c\">\n<div class=\"wp-block-uagb-image aligncenter uagb-block-c1295536 wp-block-uagb-image--layout-default wp-block-uagb-image--effect-static wp-block-uagb-image--align-center\"><figure class=\"wp-block-uagb-image__figure\"><img decoding=\"async\" srcset=\"https:\/\/boing.dk\/wp-content\/uploads\/2024\/12\/pexels-photo-6393169.jpeg ,https:\/\/boing.dk\/wp-content\/uploads\/2024\/12\/pexels-photo-6393169.jpeg 780w, https:\/\/boing.dk\/wp-content\/uploads\/2024\/12\/pexels-photo-6393169.jpeg 360w\" sizes=\"auto, (max-width: 480px) 150px\" src=\"https:\/\/boing.dk\/wp-content\/uploads\/2024\/12\/pexels-photo-6393169.jpeg\" alt=\"\" class=\"uag-image-11\" width=\"350\" height=\"220\" title=\"services-02\" loading=\"lazy\" role=\"img\"\/><\/figure><\/div>\n\n\n\n<div class=\"wp-block-uagb-info-box uagb-block-e544c2b8 uagb-infobox__content-wrap  uagb-infobox-icon-above-title uagb-infobox-image-valign-top wp-block-uagb-info-box--has-margin\"><div class=\"uagb-infobox-margin-wrapper\"><div class=\"uagb-ifb-content\"><div class=\"uagb-ifb-title-wrap\"><h3 class=\"uagb-ifb-title\">Kreativ Farvel\u00e6gning<\/h3><\/div><p class=\"uagb-ifb-desc\">Lad kreativiteten blomstre med vores farvel\u00e6gningsopgaver, der stimulerer fantasi.<\/p><div class=\"uagb-ifb-button-wrapper wp-block-button\"><a href=\"services\/\" target=\"_self\" onclick=\"return true;\" class=\"uagb-infobox-cta-link\" rel=\"noopener noreferrer\"><span class=\"uagb-inline-editing\">L\u00e6s mere<\/span><\/a><\/div><\/div><\/div><\/div>\n<\/div>\n\n\n\n<div class=\"wp-block-uagb-container uagb-block-4efe92bf\">\n<div class=\"wp-block-uagb-image aligncenter uagb-block-e688cdf3 wp-block-uagb-image--layout-default wp-block-uagb-image--effect-static wp-block-uagb-image--align-center\"><figure class=\"wp-block-uagb-image__figure\"><img decoding=\"async\" srcset=\"https:\/\/boing.dk\/wp-content\/uploads\/2024\/12\/pexels-photo-8790297.jpeg ,https:\/\/boing.dk\/wp-content\/uploads\/2024\/12\/pexels-photo-8790297.jpeg 780w, https:\/\/boing.dk\/wp-content\/uploads\/2024\/12\/pexels-photo-8790297.jpeg 360w\" sizes=\"auto, (max-width: 480px) 150px\" src=\"https:\/\/boing.dk\/wp-content\/uploads\/2024\/12\/pexels-photo-8790297.jpeg\" alt=\"\" class=\"uag-image-6\" width=\"350\" height=\"220\" title=\"services-03\" loading=\"lazy\" role=\"img\"\/><\/figure><\/div>\n\n\n\n<div class=\"wp-block-uagb-info-box uagb-block-dad9dcec uagb-infobox__content-wrap  uagb-infobox-icon-above-title uagb-infobox-image-valign-top wp-block-uagb-info-box--has-margin\"><div class=\"uagb-infobox-margin-wrapper\"><div class=\"uagb-ifb-content\"><div class=\"uagb-ifb-title-wrap\"><h3 class=\"uagb-ifb-title\">Sjove Spil<\/h3><\/div><p class=\"uagb-ifb-desc\">Engager dit barn med en r\u00e6kke sjove og l\u00e6rerige spil.<\/p><div class=\"uagb-ifb-button-wrapper wp-block-button\"><a href=\"services\/\" target=\"_self\" onclick=\"return true;\" class=\"uagb-infobox-cta-link\" rel=\"noopener noreferrer\"><span class=\"uagb-inline-editing\">L\u00e6s mere<\/span><\/a><\/div><\/div><\/div><\/div>\n<\/div>\n<\/div>\n<\/div><\/div>\n\n\n\n<div class=\"wp-block-uagb-container uagb-layout-grid uagb-block-5b4797a8 alignfull uagb-is-root-container\"><div class=\"uagb-container-inner-blocks-wrap\">\n<div class=\"wp-block-uagb-container uagb-block-3085184b\">\n<div class=\"wp-block-uagb-image alignright uagb-block-79d2b5b5 wp-block-uagb-image--layout-default wp-block-uagb-image--effect-static wp-block-uagb-image--align-right\"><figure class=\"wp-block-uagb-image__figure\"><img decoding=\"async\" srcset=\"https:\/\/boing.dk\/wp-content\/uploads\/2024\/12\/pexels-photo-6668319.jpeg ,https:\/\/boing.dk\/wp-content\/uploads\/2024\/12\/pexels-photo-6668319.jpeg 780w, https:\/\/boing.dk\/wp-content\/uploads\/2024\/12\/pexels-photo-6668319.jpeg 360w\" sizes=\"auto, (max-width: 480px) 150px\" src=\"https:\/\/boing.dk\/wp-content\/uploads\/2024\/12\/pexels-photo-6668319.jpeg\" alt=\"\" class=\"uag-image-7\" width=\"450\" height=\"250\" title=\"about-01\" loading=\"lazy\" role=\"img\"\/><\/figure><\/div>\n\n\n\n<div class=\"wp-block-uagb-container uagb-block-8a161088\">\n<div class=\"wp-block-uagb-info-box uagb-block-255ef761 uagb-infobox__content-wrap  uagb-infobox-icon-above-title uagb-infobox-image-valign-top\"><div class=\"uagb-ifb-content\"><div class=\"uagb-ifb-title-wrap\"><span class=\"uagb-ifb-title-prefix\">Om os<\/span><h2 class=\"uagb-ifb-title\">Din sikre legeplads for l\u00e6ring<\/h2><\/div><p class=\"uagb-ifb-desc\">Boing er en innovativ platform, der skaber et sikkert og engagerende milj\u00f8 for b\u00f8rn i Danmark, hvor leg og l\u00e6ring g\u00e5r h\u00e5nd i h\u00e5nd for en berigende oplevelse.<\/p><div class=\"uagb-ifb-button-wrapper wp-block-button\"><a href=\"about\/\" class=\"uagb-infobox-cta-link wp-block-button__link\" target=\"_self\" rel=\"noopener noreferrer\" onclick=\"return true;\"><span class=\"uagb-inline-editing\">L\u00e6s mere om os<\/span><\/a><\/div><\/div><\/div>\n<\/div>\n<\/div>\n\n\n\n<div class=\"wp-block-uagb-image alignleft uagb-block-b33097f6 wp-block-uagb-image--layout-default wp-block-uagb-image--effect-static wp-block-uagb-image--align-left\"><figure class=\"wp-block-uagb-image__figure\"><img decoding=\"async\" srcset=\"https:\/\/boing.dk\/wp-content\/uploads\/2024\/12\/pexels-photo-8242503.jpeg ,https:\/\/boing.dk\/wp-content\/uploads\/2024\/12\/pexels-photo-8242503.jpeg 780w, https:\/\/boing.dk\/wp-content\/uploads\/2024\/12\/pexels-photo-8242503.jpeg 360w\" sizes=\"auto, (max-width: 480px) 150px\" src=\"https:\/\/boing.dk\/wp-content\/uploads\/2024\/12\/pexels-photo-8242503.jpeg\" alt=\"\" class=\"uag-image-8\" width=\"600\" height=\"550\" title=\"about-02\" loading=\"lazy\" role=\"img\"\/><\/figure><\/div>\n<\/div><\/div>\n\n\n\n<div class=\"wp-block-uagb-container uagb-block-9f18d340 alignfull uagb-is-root-container\"><div class=\"uagb-container-inner-blocks-wrap\"><\/div><\/div>\n\n\n\n<div class=\"wp-block-uagb-container uagb-block-4a19b703 alignfull uagb-is-root-container\"><div class=\"uagb-container-inner-blocks-wrap\">\n<div class=\"wp-block-uagb-container uagb-block-916ea2fc\">\n<div class=\"wp-block-uagb-advanced-heading uagb-block-0d9bdc48\"><p class=\"uagb-desc-text\">Vores Proces<\/p><h2 class=\"uagb-heading-text\">S\u00e5dan skaber vi sjove og l\u00e6rende oplevelser<\/h2><\/div>\n\n\n\n<div class=\"wp-block-uagb-container uagb-layout-grid uagb-block-b8317eae\">\n<div class=\"wp-block-uagb-info-box uagb-block-fabedbdf uagb-infobox__content-wrap  uagb-infobox-icon-above-title uagb-infobox-image-valign-top\"><div class=\"uagb-ifb-content\"><div class=\"uagb-ifb-title-wrap\"><span class=\"uagb-ifb-title-prefix\">01<\/span><h3 class=\"uagb-ifb-title\">Interaktive Historier<\/h3><\/div><p class=\"uagb-ifb-desc\">Vi skaber farverige historier der engagerer b\u00f8rns fantasi. Hver historie er designet til at l\u00e6re og underholde samtidig.<\/p><\/div><\/div>\n\n\n\n<div class=\"wp-block-uagb-info-box uagb-block-8aacedfc uagb-infobox__content-wrap  uagb-infobox-icon-above-title uagb-infobox-image-valign-top\"><div class=\"uagb-ifb-content\"><div class=\"uagb-ifb-title-wrap\"><span class=\"uagb-ifb-title-prefix\">02<\/span><h3 class=\"uagb-ifb-title\">Kreative Opgaver<\/h3><\/div><p class=\"uagb-ifb-desc\">B\u00f8rnene kan udforske deres kreative evner gennem sjove farvel\u00e6gningsopgaver. Hver opgave er b\u00e5de l\u00e6rerig og underholdende.<\/p><\/div><\/div>\n\n\n\n<div class=\"wp-block-uagb-info-box uagb-block-13b485ba uagb-infobox__content-wrap  uagb-infobox-icon-above-title uagb-infobox-image-valign-top\"><div class=\"uagb-ifb-content\"><div class=\"uagb-ifb-title-wrap\"><span class=\"uagb-ifb-title-prefix\">03<\/span><h3 class=\"uagb-ifb-title\">Sjove Spil<\/h3><\/div><p class=\"uagb-ifb-desc\">Vores spil er designet til at stimulere l\u00e6ring gennem leg. Hver spilaktivitet er engagerende og udfordrende.<\/p><\/div><\/div>\n<\/div>\n<\/div>\n\n\n\n<div class=\"wp-block-uagb-advanced-heading uagb-block-7ae20446\"><p class=\"uagb-desc-text\">Hvad For\u00e6ldre Siger<\/p><h2 class=\"uagb-heading-text\">Se hvad familierne siger om Boing<\/h2><\/div>\n\n\n\n<div class=\"wp-block-uagb-container uagb-block-80e3f24e\">\n<div class=\"wp-block-uagb-testimonial uagb-slick-carousel uagb-tm__arrow-outside uagb-block-e8d8f60f\"><div class=\"is-carousel uagb-tm__columns-2 uagb-tm__items\"><div class=\"uagb-testimonial__wrap  uagb-tm__imgicon-style-circle uagb-tm__image-position-bottom uagb-tm__bg-type-color \"><div class=\"uagb-tm__content\"><div class=\"uagb-tm__overlay\"><\/div><div class=\"uagb-tm__text-wrap\"><div class=\"uagb-tm__desc\">Boing har gjort l\u00e6ring til en leg for mine b\u00f8rn. De elsker at udforske siden og l\u00e6re nye ting hver dag!<\/div><div class=\"uagb-tm__meta-inner\"><div class=\"uagb-tm__image-content\"><div class=\"uagb-tm__image\"><img decoding=\"async\" class=\"uagb-tm-img-src\" src=\"https:\/\/boing.dk\/wp-content\/uploads\/2024\/11\/testimonial-skip-01.jpg\" alt=\"\" width=\"50\" height=\"50\" loading=\"lazy\"\/><\/div><\/div><div class=\"uagb-testimonial-details\"><span class=\"uagb-tm__author-name\">Peter Jensen<\/span><span class=\"uagb-tm__company\">Firmanavn<\/span><\/div><\/div><\/div><\/div><\/div><div class=\"uagb-testimonial__wrap  uagb-tm__imgicon-style-circle uagb-tm__image-position-bottom uagb-tm__bg-type-color \"><div class=\"uagb-tm__content\"><div class=\"uagb-tm__overlay\"><\/div><div class=\"uagb-tm__text-wrap\"><div class=\"uagb-tm__desc\">Mit barn kan nu farvel\u00e6gge og lege med sjove historier. Tak Boing for en fantastisk oplevelse!<\/div><div class=\"uagb-tm__meta-inner\"><div class=\"uagb-tm__image-content\"><div class=\"uagb-tm__image\"><img decoding=\"async\" class=\"uagb-tm-img-src\" src=\"https:\/\/boing.dk\/wp-content\/uploads\/2024\/11\/testimonial-skip-02.jpg\" alt=\"\" width=\"50\" height=\"50\" loading=\"lazy\"\/><\/div><\/div><div class=\"uagb-testimonial-details\"><span class=\"uagb-tm__author-name\">Mikkel S\u00f8rensen<\/span><span class=\"uagb-tm__company\">Firmanavn<\/span><\/div><\/div><\/div><\/div><\/div><div class=\"uagb-testimonial__wrap  uagb-tm__imgicon-style-circle uagb-tm__image-position-bottom uagb-tm__bg-type-color \"><div class=\"uagb-tm__content\"><div class=\"uagb-tm__overlay\"><\/div><div class=\"uagb-tm__text-wrap\"><div class=\"uagb-tm__desc\">Det er sjovt at se mine b\u00f8rn l\u00e6re gennem leg. Boing har virkelig en unik tilgang til l\u00e6ring!<\/div><div class=\"uagb-tm__meta-inner\"><div class=\"uagb-tm__image-content\"><div class=\"uagb-tm__image\"><img decoding=\"async\" class=\"uagb-tm-img-src\" src=\"https:\/\/boing.dk\/wp-content\/uploads\/2024\/11\/testimonial-skip-03.jpg\" alt=\"\" width=\"50\" height=\"50\" loading=\"lazy\"\/><\/div><\/div><div class=\"uagb-testimonial-details\"><span class=\"uagb-tm__author-name\">Anders Nielsen<\/span><span class=\"uagb-tm__company\">Firmanavn<\/span><\/div><\/div><\/div><\/div><\/div><\/div><\/div>\n<\/div>\n<\/div><\/div>\n\n\n\n<div class=\"wp-block-uagb-container uagb-block-ab978807 alignfull uagb-is-root-container\"><div class=\"uagb-container-inner-blocks-wrap\">\n<div class=\"wp-block-uagb-info-box uagb-block-77740f19 uagb-infobox__content-wrap  uagb-infobox-icon-above-title uagb-infobox-image-valign-top\"><div class=\"uagb-ifb-content\"><div class=\"uagb-ifb-title-wrap\"><span class=\"uagb-ifb-title-prefix\">Tilmeld Dig<\/span><h2 class=\"uagb-ifb-title\">Bliv en del af vores farverige l\u00e6ringsf\u00e6llesskab i dag!<\/h2><\/div><p class=\"uagb-ifb-desc\">Tilmeld dig for at f\u00e5 adgang til eksklusive indhold, sjove opgaver og interaktive historier, der engagerer dit barn.<\/p><div class=\"uagb-ifb-button-wrapper wp-block-button\"><a href=\"\/contact\" class=\"uagb-infobox-cta-link wp-block-button__link\" target=\"_self\" rel=\"noopener noreferrer\" onclick=\"return true;\"><span class=\"uagb-inline-editing\">Start nu<\/span><\/a><\/div><\/div><\/div>\n<\/div><\/div>\n\n\n\n<div class=\"wp-block-uagb-image uagb-block-4eb2d37e wp-block-uagb-image--layout-default wp-block-uagb-image--effect-static wp-block-uagb-image--align-none\"><figure class=\"wp-block-uagb-image__figure\"><a class=\"\" href=\"https:\/\/stg.dk?utm_source=boing&amp;utm_medium=banner&amp;utm_campaign=hjemmeside_salg\" target=\"_blank\" rel=\"noopener\"><img decoding=\"async\"  sizes=\"auto, (max-width: 480px) 150px\" src=\"https:\/\/stg.dk\/wp-content\/uploads\/2024\/12\/salg_af_hjemmesider_stg.png\" alt=\"\" width=\"300\" height=\"100\" title=\"\" loading=\"lazy\" role=\"img\"\/><\/a><\/figure><\/div>\n\n\n\n<p><\/p>\n","protected":false},"excerpt":{"rendered":"<p>Interaktive historier B\u00f8rn kan udforske en verden af sp\u00e6ndende historier, der stimulerer deres fantasi og l\u00e6sef\u00e6rdigheder. Hver fort\u00e6lling tilbyder et [&hellip;]<\/p>\n","protected":false},"author":1,"featured_media":0,"parent":0,"menu_order":0,"comment_status":"closed","ping_status":"closed","template":"","meta":{"_uag_custom_page_level_css":"","site-sidebar-layout":"default","site-content-layout":"","ast-site-content-layout":"","site-content-style":"default","site-sidebar-style":"default","ast-global-header-display":"","ast-banner-title-visibility":"","ast-main-header-display":"","ast-hfb-above-header-display":"","ast-hfb-below-header-display":"","ast-hfb-mobile-header-display":"","site-post-title":"disabled","ast-breadcrumbs-content":"","ast-featured-img":"","footer-sml-layout":"","theme-transparent-header-meta":"enabled","adv-header-id-meta":"","stick-header-meta":"","header-above-stick-meta":"","header-main-stick-meta":"","header-below-stick-meta":"","astra-migrate-meta-layouts":"default","ast-page-background-enabled":"default","ast-page-background-meta":{"desktop":{"background-color":"var(--ast-global-color-4)","background-image":"","background-repeat":"repeat","background-position":"center center","background-size":"auto","background-attachment":"scroll","background-type":"","background-media":"","overlay-type":"","overlay-color":"","overlay-opacity":"","overlay-gradient":""},"tablet":{"background-color":"","background-image":"","background-repeat":"repeat","background-position":"center center","background-size":"auto","background-attachment":"scroll","background-type":"","background-media":"","overlay-type":"","overlay-color":"","overlay-opacity":"","overlay-gradient":""},"mobile":{"background-color":"","background-image":"","background-repeat":"repeat","background-position":"center center","background-size":"auto","background-attachment":"scroll","background-type":"","background-media":"","overlay-type":"","overlay-color":"","overlay-opacity":"","overlay-gradient":""}},"ast-content-background-meta":{"desktop":{"background-color":"var(--ast-global-color-5)","background-image":"","background-repeat":"repeat","background-position":"center center","background-size":"auto","background-attachment":"scroll","background-type":"","background-media":"","overlay-type":"","overlay-color":"","overlay-opacity":"","overlay-gradient":""},"tablet":{"background-color":"var(--ast-global-color-5)","background-image":"","background-repeat":"repeat","background-position":"center center","background-size":"auto","background-attachment":"scroll","background-type":"","background-media":"","overlay-type":"","overlay-color":"","overlay-opacity":"","overlay-gradient":""},"mobile":{"background-color":"var(--ast-global-color-5)","background-image":"","background-repeat":"repeat","background-position":"center center","background-size":"auto","background-attachment":"scroll","background-type":"","background-media":"","overlay-type":"","overlay-color":"","overlay-opacity":"","overlay-gradient":""}},"footnotes":""},"class_list":["post-40","page","type-page","status-publish","hentry"],"uagb_featured_image_src":{"full":false,"thumbnail":false,"medium":false,"medium_large":false,"large":false,"1536x1536":false,"2048x2048":false},"uagb_author_info":{"display_name":"admin","author_link":"https:\/\/boing.dk\/?author=1"},"uagb_comment_info":0,"uagb_excerpt":"Interaktive historier B\u00f8rn kan udforske en verden af sp\u00e6ndende historier, der stimulerer deres fantasi og l\u00e6sef\u00e6rdigheder. Hver fort\u00e6lling tilbyder et [&hellip;]","_links":{"self":[{"href":"https:\/\/boing.dk\/index.php?rest_route=\/wp\/v2\/pages\/40","targetHints":{"allow":["GET"]}}],"collection":[{"href":"https:\/\/boing.dk\/index.php?rest_route=\/wp\/v2\/pages"}],"about":[{"href":"https:\/\/boing.dk\/index.php?rest_route=\/wp\/v2\/types\/page"}],"author":[{"embeddable":true,"href":"https:\/\/boing.dk\/index.php?rest_route=\/wp\/v2\/users\/1"}],"replies":[{"embeddable":true,"href":"https:\/\/boing.dk\/index.php?rest_route=%2Fwp%2Fv2%2Fcomments&post=40"}],"version-history":[{"count":3,"href":"https:\/\/boing.dk\/index.php?rest_route=\/wp\/v2\/pages\/40\/revisions"}],"predecessor-version":[{"id":201,"href":"https:\/\/boing.dk\/index.php?rest_route=\/wp\/v2\/pages\/40\/revisions\/201"}],"wp:attachment":[{"href":"https:\/\/boing.dk\/index.php?rest_route=%2Fwp%2Fv2%2Fmedia&parent=40"}],"curies":[{"name":"wp","href":"https:\/\/api.w.org\/{rel}","templated":true}]}}