{"id":41,"date":"2024-12-13T10:49:51","date_gmt":"2024-12-13T10:49:51","guid":{"rendered":"https:\/\/boing.dk\/?page_id=41"},"modified":"2024-12-13T10:49:56","modified_gmt":"2024-12-13T10:49:56","slug":"about","status":"publish","type":"page","link":"https:\/\/boing.dk\/?page_id=41","title":{"rendered":"About"},"content":{"rendered":"\n<div class=\"wp-block-uagb-container uagb-block-5bc14608 alignfull uagb-is-root-container\"><div class=\"uagb-container-inner-blocks-wrap\">\n<div class=\"wp-block-uagb-advanced-heading uagb-block-d4e18cc4\"><h1 class=\"uagb-heading-text\">Om Boing<\/h1><p class=\"uagb-desc-text\">Velkommen til Boing, hvor vi lover en farverig og underholdende rejse for b\u00f8rn med interaktive historier og kreative aktiviteter, der g\u00f8r l\u00e6ring til en leg.<\/p><\/div>\n<\/div><\/div>\n\n\n\n<div class=\"wp-block-uagb-container uagb-block-fb69d5a4 alignfull uagb-is-root-container\"><div class=\"uagb-container-inner-blocks-wrap\">\n<div class=\"wp-block-uagb-container uagb-block-3b8b82d3\">\n<div class=\"wp-block-uagb-info-box uagb-block-48061ff4 uagb-infobox__content-wrap  uagb-infobox-icon-above-title uagb-infobox-image-valign-top\"><div class=\"uagb-ifb-content\"><div class=\"uagb-ifb-title-wrap\"><span class=\"uagb-ifb-title-prefix\">Om os<\/span><h2 class=\"uagb-ifb-title\">Oplev Boings unikke l\u00e6ringsunivers for b\u00f8rn.<\/h2><\/div><p class=\"uagb-ifb-desc\">Boing er en inspirerende hjemmeside designet specielt til b\u00f8rn, der kombinerer l\u00e6ring og leg i et sikkert og sp\u00e6ndende milj\u00f8. Vores platform er hurtigt blevet en favorit blandt familier i Danmark.<\/p><\/div><\/div>\n\n\n\n<div class=\"wp-block-uagb-advanced-heading uagb-block-74d0d1bb\"><p class=\"uagb-heading-text\">Vi skaber interaktive historier, engagerende farvel\u00e6gningsopgaver og sjove spil, der ikke blot underholder, men ogs\u00e5 fremmer b\u00f8rns udvikling og nysgerrighed. Hos Boing er l\u00e6ring sjov!<\/p><\/div>\n<\/div>\n\n\n\n<div class=\"wp-block-uagb-container uagb-block-ead67b34\">\n<div class=\"wp-block-uagb-container uagb-layout-grid uagb-block-af531634\">\n<div class=\"wp-block-uagb-counter uagb-block-eb72779f wp-block-uagb-counter--number\"><div class=\"wp-block-uagb-counter__number\"><span class=\"uagb-counter-block-number\" data-duration=\"1.5\" data-to-value=\"80\" data-from-value=\"0\" data-delimiter=\",\"><\/span><span class=\"uagb-counter-block-suffix\">+<\/span><\/div><div class=\"wp-block-uagb-counter__title\">Tilfredse kunder<\/div><\/div>\n\n\n\n<div class=\"wp-block-uagb-counter uagb-block-1387a750 wp-block-uagb-counter--number\"><div class=\"wp-block-uagb-counter__number\"><span class=\"uagb-counter-block-number\" data-duration=\"1.5\" data-to-value=\"50\" data-from-value=\"0\" data-delimiter=\",\"><\/span><span class=\"uagb-counter-block-suffix\">k<\/span><\/div><div class=\"wp-block-uagb-counter__title\">Udf\u00f8rte projekter<\/div><\/div>\n<\/div>\n<\/div>\n<\/div><\/div>\n\n\n\n<div class=\"wp-block-uagb-container uagb-block-f0c30927 alignfull uagb-is-root-container\"><div class=\"uagb-container-inner-blocks-wrap\">\n<div class=\"wp-block-uagb-info-box uagb-block-c83c74ea uagb-infobox__content-wrap  uagb-infobox-icon-above-title uagb-infobox-image-valign-top wp-block-uagb-info-box--has-margin\"><div class=\"uagb-infobox-margin-wrapper\"><div class=\"uagb-ifb-content\"><div class=\"uagb-ifb-title-wrap\"><span class=\"uagb-ifb-title-prefix\">Vores mission<\/span><h2 class=\"uagb-ifb-title\">Fremme l\u00e6ring gennem leg og kreativitet.<\/h2><\/div><p class=\"uagb-ifb-desc\">Vores mission er at skabe et trygt og inspirerende milj\u00f8, hvor b\u00f8rn kan udforske, l\u00e6re og lege gennem interaktive historier og kreative opgaver.<\/p><\/div><\/div><\/div>\n\n\n\n<div class=\"wp-block-uagb-container uagb-block-ecc46d4a\">\n<div class=\"wp-block-uagb-container uagb-block-8585175c\">\n<div class=\"wp-block-uagb-advanced-heading uagb-block-cbd85ae7\"><h3 class=\"uagb-heading-text\">Interaktiv l\u00e6ring<\/h3><p class=\"uagb-desc-text\">Vi mener, at l\u00e6ring skal v\u00e6re sjovt, og derfor tilbyder vi interaktive oplevelser, der motiverer b\u00f8rn til at udforske nye emner og koncept p\u00e5 en engagerende m\u00e5de.<\/p><\/div>\n<\/div>\n\n\n\n<div class=\"wp-block-uagb-container uagb-block-2fa4a196\">\n<div class=\"wp-block-uagb-advanced-heading uagb-block-71c7cea0\"><h3 class=\"uagb-heading-text\">Sikkert milj\u00f8<\/h3><p class=\"uagb-desc-text\">Hos Boing prioriterer vi sikkerhed og skaber et milj\u00f8, hvor b\u00f8rn trygt kan udforske og l\u00e6re uden bekymringer, s\u00e5 for\u00e6ldre kan f\u00f8le sig trygge.<\/p><\/div>\n<\/div>\n\n\n\n<div class=\"wp-block-uagb-container uagb-block-4efe92bf\">\n<div class=\"wp-block-uagb-advanced-heading uagb-block-3851ab30\"><h3 class=\"uagb-heading-text\">Kreativitet i fokus<\/h3><p class=\"uagb-desc-text\">Vi tror p\u00e5, at kreativitet er n\u00f8glen til l\u00e6ring, og tilbyder derfor en bred vifte af aktiviteter, der inspirerer b\u00f8rn til at t\u00e6nke uden for boksen og udtrykke sig.<\/p><\/div>\n<\/div>\n<\/div>\n<\/div><\/div>\n\n\n\n<div class=\"wp-block-uagb-container uagb-block-69c18e0e alignfull uagb-is-root-container\"><div class=\"uagb-container-inner-blocks-wrap\">\n<div class=\"wp-block-uagb-info-box uagb-block-ae10819d uagb-infobox__content-wrap  uagb-infobox-icon-above-title uagb-infobox-image-valign-top wp-block-uagb-info-box--has-margin\"><div class=\"uagb-infobox-margin-wrapper\"><div class=\"uagb-ifb-content\"><div class=\"uagb-ifb-title-wrap\"><span class=\"uagb-ifb-title-prefix\">Unik v\u00e6rdi<\/span><h2 class=\"uagb-ifb-title\">Oplev fordelene ved Boing: l\u00e6rerigt og sjovt indhold til b\u00f8rn<\/h2><\/div><p class=\"uagb-ifb-desc\">Boing kombinerer underholdning og l\u00e6ring, hvilket g\u00f8r det til det perfekte sted for b\u00f8rn at udvikle deres kreative f\u00e6rdigheder, mens de har det sjovt.<\/p><\/div><\/div><\/div>\n\n\n\n<div class=\"wp-block-uagb-container uagb-block-4c5789cd\">\n<div class=\"wp-block-uagb-container uagb-block-24c5e97d\">\n<div class=\"wp-block-uagb-image alignright uagb-block-cdc7cdea wp-block-uagb-image--layout-default wp-block-uagb-image--effect-static wp-block-uagb-image--align-right uag-blocks-common-selector\" style=\"--z-index-desktop:1;;--z-index-tablet:1;;--z-index-mobile:1;\"><figure class=\"wp-block-uagb-image__figure\"><img decoding=\"async\" srcset=\"https:\/\/boing.dk\/wp-content\/uploads\/2024\/12\/pexels-photo-8790297.jpeg ,https:\/\/boing.dk\/wp-content\/uploads\/2024\/12\/pexels-photo-8790297.jpeg 780w, https:\/\/boing.dk\/wp-content\/uploads\/2024\/12\/pexels-photo-8790297.jpeg 360w\" sizes=\"auto, (max-width: 480px) 150px\" src=\"https:\/\/boing.dk\/wp-content\/uploads\/2024\/12\/pexels-photo-8790297.jpeg\" alt=\"\" class=\"uag-image-6\" width=\"250\" height=\"200\" title=\"missions-02\" loading=\"lazy\" role=\"img\"\/><\/figure><\/div>\n\n\n\n<div class=\"wp-block-uagb-image alignleft uagb-block-6c3b9689 wp-block-uagb-image--layout-default wp-block-uagb-image--effect-static wp-block-uagb-image--align-left\"><figure class=\"wp-block-uagb-image__figure\"><img decoding=\"async\" srcset=\"https:\/\/boing.dk\/wp-content\/uploads\/2024\/12\/pexels-photo-6668319.jpeg ,https:\/\/boing.dk\/wp-content\/uploads\/2024\/12\/pexels-photo-6668319.jpeg 780w, https:\/\/boing.dk\/wp-content\/uploads\/2024\/12\/pexels-photo-6668319.jpeg 360w\" sizes=\"auto, (max-width: 480px) 150px\" src=\"https:\/\/boing.dk\/wp-content\/uploads\/2024\/12\/pexels-photo-6668319.jpeg\" alt=\"\" class=\"uag-image-7\" width=\"500\" height=\"400\" title=\"missions-01\" loading=\"lazy\" role=\"img\"\/><\/figure><\/div>\n\n\n\n<div class=\"wp-block-uagb-image alignright uagb-block-01921618 wp-block-uagb-image--layout-default wp-block-uagb-image--effect-static wp-block-uagb-image--align-right uag-blocks-common-selector\" style=\"--z-index-desktop:1;;--z-index-tablet:1;;--z-index-mobile:1;\"><figure class=\"wp-block-uagb-image__figure\"><img decoding=\"async\" srcset=\"https:\/\/boing.dk\/wp-content\/uploads\/2024\/12\/pexels-photo-8242503.jpeg ,https:\/\/boing.dk\/wp-content\/uploads\/2024\/12\/pexels-photo-8242503.jpeg 780w, https:\/\/boing.dk\/wp-content\/uploads\/2024\/12\/pexels-photo-8242503.jpeg 360w\" sizes=\"auto, (max-width: 480px) 150px\" src=\"https:\/\/boing.dk\/wp-content\/uploads\/2024\/12\/pexels-photo-8242503.jpeg\" alt=\"\" class=\"uag-image-8\" width=\"250\" height=\"200\" title=\"missions-03\" loading=\"lazy\" role=\"img\"\/><\/figure><\/div>\n<\/div>\n\n\n\n<div class=\"wp-block-uagb-container uagb-block-5d648317\">\n<div class=\"wp-block-uagb-advanced-heading uagb-block-d0ce53dd\"><h3 class=\"uagb-heading-text\">Interaktive historier<\/h3><p class=\"uagb-desc-text\">B\u00f8rn kan udforske en verden af sp\u00e6ndende historier, der stimulerer deres fantasi og l\u00e6sef\u00e6rdigheder. Hver fort\u00e6lling tilbyder et unikt eventyr.<\/p><\/div>\n\n\n\n<div class=\"wp-block-uagb-advanced-heading uagb-block-19d00f3b\"><h3 class=\"uagb-heading-text\">Kreative opgaver<\/h3><p class=\"uagb-desc-text\">Boing giver b\u00f8rn mulighed for at l\u00e6re gennem sjov, hvor hver aktivitet er designet til at stimulere deres fantasi og nysgerrighed. Oplev et l\u00e6ringsunivers som ingen andre.<\/p><\/div>\n\n\n\n<div class=\"wp-block-uagb-advanced-heading uagb-block-18051875\"><h3 class=\"uagb-heading-text\">En unik oplevelse<\/h3><p class=\"uagb-desc-text\">Boing giver b\u00f8rn mulighed for at l\u00e6re gennem sjov, hvor hver aktivitet er designet til at stimulere deres fantasi og nysgerrighed. Oplev et l\u00e6ringsunivers som ingen andre.<\/p><\/div>\n<\/div>\n<\/div>\n<\/div><\/div>\n\n\n\n<div class=\"wp-block-uagb-container uagb-block-ab978807 alignfull uagb-is-root-container\"><div class=\"uagb-container-inner-blocks-wrap\">\n<div class=\"wp-block-uagb-info-box uagb-block-77740f19 uagb-infobox__content-wrap  uagb-infobox-icon-above-title uagb-infobox-image-valign-top\"><div class=\"uagb-ifb-content\"><div class=\"uagb-ifb-title-wrap\"><span class=\"uagb-ifb-title-prefix\">Tilmeld Dig<\/span><h2 class=\"uagb-ifb-title\">Bliv en del af vores farverige l\u00e6ringsf\u00e6llesskab i dag!<\/h2><\/div><p class=\"uagb-ifb-desc\">Tilmeld dig for at f\u00e5 adgang til eksklusive indhold, sjove opgaver og interaktive historier, der engagerer dit barn.<\/p><div class=\"uagb-ifb-button-wrapper wp-block-button\"><a href=\"\/contact\" class=\"uagb-infobox-cta-link wp-block-button__link\" target=\"_self\" rel=\"noopener noreferrer\" onclick=\"return true;\"><span class=\"uagb-inline-editing\">Start nu<\/span><\/a><\/div><\/div><\/div>\n<\/div><\/div>\n","protected":false},"excerpt":{"rendered":"<p>Om Boing Velkommen til Boing, hvor vi lover en farverig og underholdende rejse for b\u00f8rn med interaktive historier og kreative [&hellip;]<\/p>\n","protected":false},"author":1,"featured_media":0,"parent":0,"menu_order":0,"comment_status":"closed","ping_status":"closed","template":"","meta":{"_uag_custom_page_level_css":"","site-sidebar-layout":"default","site-content-layout":"","ast-site-content-layout":"","site-content-style":"default","site-sidebar-style":"default","ast-global-header-display":"","ast-banner-title-visibility":"","ast-main-header-display":"","ast-hfb-above-header-display":"","ast-hfb-below-header-display":"","ast-hfb-mobile-header-display":"","site-post-title":"disabled","ast-breadcrumbs-content":"","ast-featured-img":"","footer-sml-layout":"","theme-transparent-header-meta":"enabled","adv-header-id-meta":"","stick-header-meta":"","header-above-stick-meta":"","header-main-stick-meta":"","header-below-stick-meta":"","astra-migrate-meta-layouts":"default","ast-page-background-enabled":"default","ast-page-background-meta":{"desktop":{"background-color":"var(--ast-global-color-4)","background-image":"","background-repeat":"repeat","background-position":"center center","background-size":"auto","background-attachment":"scroll","background-type":"","background-media":"","overlay-type":"","overlay-color":"","overlay-opacity":"","overlay-gradient":""},"tablet":{"background-color":"","background-image":"","background-repeat":"repeat","background-position":"center center","background-size":"auto","background-attachment":"scroll","background-type":"","background-media":"","overlay-type":"","overlay-color":"","overlay-opacity":"","overlay-gradient":""},"mobile":{"background-color":"","background-image":"","background-repeat":"repeat","background-position":"center center","background-size":"auto","background-attachment":"scroll","background-type":"","background-media":"","overlay-type":"","overlay-color":"","overlay-opacity":"","overlay-gradient":""}},"ast-content-background-meta":{"desktop":{"background-color":"var(--ast-global-color-5)","background-image":"","background-repeat":"repeat","background-position":"center center","background-size":"auto","background-attachment":"scroll","background-type":"","background-media":"","overlay-type":"","overlay-color":"","overlay-opacity":"","overlay-gradient":""},"tablet":{"background-color":"var(--ast-global-color-5)","background-image":"","background-repeat":"repeat","background-position":"center center","background-size":"auto","background-attachment":"scroll","background-type":"","background-media":"","overlay-type":"","overlay-color":"","overlay-opacity":"","overlay-gradient":""},"mobile":{"background-color":"var(--ast-global-color-5)","background-image":"","background-repeat":"repeat","background-position":"center center","background-size":"auto","background-attachment":"scroll","background-type":"","background-media":"","overlay-type":"","overlay-color":"","overlay-opacity":"","overlay-gradient":""}},"footnotes":""},"class_list":["post-41","page","type-page","status-publish","hentry"],"uagb_featured_image_src":{"full":false,"thumbnail":false,"medium":false,"medium_large":false,"large":false,"1536x1536":false,"2048x2048":false},"uagb_author_info":{"display_name":"admin","author_link":"https:\/\/boing.dk\/?author=1"},"uagb_comment_info":0,"uagb_excerpt":"Om Boing Velkommen til Boing, hvor vi lover en farverig og underholdende rejse for b\u00f8rn med interaktive historier og kreative [&hellip;]","_links":{"self":[{"href":"https:\/\/boing.dk\/index.php?rest_route=\/wp\/v2\/pages\/41","targetHints":{"allow":["GET"]}}],"collection":[{"href":"https:\/\/boing.dk\/index.php?rest_route=\/wp\/v2\/pages"}],"about":[{"href":"https:\/\/boing.dk\/index.php?rest_route=\/wp\/v2\/types\/page"}],"author":[{"embeddable":true,"href":"https:\/\/boing.dk\/index.php?rest_route=\/wp\/v2\/users\/1"}],"replies":[{"embeddable":true,"href":"https:\/\/boing.dk\/index.php?rest_route=%2Fwp%2Fv2%2Fcomments&post=41"}],"version-history":[{"count":2,"href":"https:\/\/boing.dk\/index.php?rest_route=\/wp\/v2\/pages\/41\/revisions"}],"predecessor-version":[{"id":200,"href":"https:\/\/boing.dk\/index.php?rest_route=\/wp\/v2\/pages\/41\/revisions\/200"}],"wp:attachment":[{"href":"https:\/\/boing.dk\/index.php?rest_route=%2Fwp%2Fv2%2Fmedia&parent=41"}],"curies":[{"name":"wp","href":"https:\/\/api.w.org\/{rel}","templated":true}]}}