{"id":42,"date":"2024-12-13T10:49:51","date_gmt":"2024-12-13T10:49:51","guid":{"rendered":"https:\/\/boing.dk\/?page_id=42"},"modified":"2024-12-13T10:49:56","modified_gmt":"2024-12-13T10:49:56","slug":"services","status":"publish","type":"page","link":"https:\/\/boing.dk\/?page_id=42","title":{"rendered":"Services"},"content":{"rendered":"\n<div class=\"wp-block-uagb-container uagb-block-5bc14608 alignfull uagb-is-root-container\"><div class=\"uagb-container-inner-blocks-wrap\">\n<div class=\"wp-block-uagb-advanced-heading uagb-block-d4e18cc4\"><h1 class=\"uagb-heading-text\">Underholdning&amp; L\u00e6ring<\/h1><p class=\"uagb-desc-text\">Opdag en farverig verden med interaktive historier, kreative opgaver og sjove spil, der engagerer dit barn i en sikker online oplevelse.<\/p><\/div>\n<\/div><\/div>\n\n\n\n<div class=\"wp-block-uagb-container uagb-block-f0c30927 alignfull uagb-is-root-container\"><div class=\"uagb-container-inner-blocks-wrap\">\n<div class=\"wp-block-uagb-info-box uagb-block-c83c74ea uagb-infobox__content-wrap  uagb-infobox-icon-above-title uagb-infobox-image-valign-top wp-block-uagb-info-box--has-margin\"><div class=\"uagb-infobox-margin-wrapper\"><div class=\"uagb-ifb-content\"><div class=\"uagb-ifb-title-wrap\"><span class=\"uagb-ifb-title-prefix\">Vores Tilbud<\/span><h2 class=\"uagb-ifb-title\">Udforsk Vores Fokuserede Tjenester<\/h2><\/div><p class=\"uagb-ifb-desc\">Vi tilbyder en r\u00e6kke underholdende og l\u00e6rerige aktiviteter, der stimulerer b\u00f8rns fantasi og nysgerrighed.<\/p><\/div><\/div><\/div>\n\n\n\n<div class=\"wp-block-uagb-container uagb-block-ecc46d4a\">\n<div class=\"wp-block-uagb-container uagb-block-cf79a3f2\">\n<div class=\"wp-block-uagb-image aligncenter uagb-block-20639819 wp-block-uagb-image--layout-default wp-block-uagb-image--effect-static wp-block-uagb-image--align-center\"><figure class=\"wp-block-uagb-image__figure\"><img decoding=\"async\" srcset=\"https:\/\/boing.dk\/wp-content\/uploads\/2024\/12\/pexels-photo-6393169.jpeg ,https:\/\/boing.dk\/wp-content\/uploads\/2024\/12\/pexels-photo-6393169.jpeg 780w, https:\/\/boing.dk\/wp-content\/uploads\/2024\/12\/pexels-photo-6393169.jpeg 360w\" sizes=\"auto, (max-width: 480px) 150px\" src=\"https:\/\/boing.dk\/wp-content\/uploads\/2024\/12\/pexels-photo-6393169.jpeg\" alt=\"\" class=\"uag-image-11\" width=\"500\" height=\"253\" title=\"services-01\" loading=\"lazy\" role=\"img\"\/><\/figure><\/div>\n\n\n\n<div class=\"wp-block-uagb-info-box uagb-block-b72d42e6 uagb-infobox__content-wrap  uagb-infobox-icon-above-title uagb-infobox-image-valign-top\"><div class=\"uagb-ifb-content\"><div class=\"uagb-ifb-title-wrap\"><h3 class=\"uagb-ifb-title\">Interaktive Historier<\/h3><\/div><p class=\"uagb-ifb-desc\">Dyk ned i sp\u00e6ndende historier, hvor dit barn kan deltage aktivt.<\/p><\/div><\/div>\n<\/div>\n\n\n\n<div class=\"wp-block-uagb-container uagb-block-8585175c\">\n<div class=\"wp-block-uagb-image aligncenter uagb-block-c1295536 wp-block-uagb-image--layout-default wp-block-uagb-image--effect-static wp-block-uagb-image--align-center\"><figure class=\"wp-block-uagb-image__figure\"><img decoding=\"async\" srcset=\"https:\/\/boing.dk\/wp-content\/uploads\/2024\/12\/pexels-photo-8790297.jpeg ,https:\/\/boing.dk\/wp-content\/uploads\/2024\/12\/pexels-photo-8790297.jpeg 780w, https:\/\/boing.dk\/wp-content\/uploads\/2024\/12\/pexels-photo-8790297.jpeg 360w\" sizes=\"auto, (max-width: 480px) 150px\" src=\"https:\/\/boing.dk\/wp-content\/uploads\/2024\/12\/pexels-photo-8790297.jpeg\" alt=\"\" class=\"uag-image-6\" width=\"500\" height=\"253\" title=\"services-02\" loading=\"lazy\" role=\"img\"\/><\/figure><\/div>\n\n\n\n<div class=\"wp-block-uagb-info-box uagb-block-e544c2b8 uagb-infobox__content-wrap  uagb-infobox-icon-above-title uagb-infobox-image-valign-top wp-block-uagb-info-box--has-margin\"><div class=\"uagb-infobox-margin-wrapper\"><div class=\"uagb-ifb-content\"><div class=\"uagb-ifb-title-wrap\"><h3 class=\"uagb-ifb-title\">Kreativ Farvel\u00e6gning<\/h3><\/div><p class=\"uagb-ifb-desc\">Lad kreativiteten blomstre med vores farvel\u00e6gningsopgaver, der stimulerer fantasi.<\/p><\/div><\/div><\/div>\n<\/div>\n<\/div>\n\n\n\n<div class=\"wp-block-uagb-container uagb-block-a124b747\">\n<div class=\"wp-block-uagb-container uagb-block-1dc9b37c\">\n<div class=\"wp-block-uagb-image aligncenter uagb-block-1a6471d9 wp-block-uagb-image--layout-default wp-block-uagb-image--effect-static wp-block-uagb-image--align-center\"><figure class=\"wp-block-uagb-image__figure\"><img decoding=\"async\" srcset=\"https:\/\/boing.dk\/wp-content\/uploads\/2024\/12\/pexels-photo-6668319.jpeg ,https:\/\/boing.dk\/wp-content\/uploads\/2024\/12\/pexels-photo-6668319.jpeg 780w, https:\/\/boing.dk\/wp-content\/uploads\/2024\/12\/pexels-photo-6668319.jpeg 360w\" sizes=\"auto, (max-width: 480px) 150px\" src=\"https:\/\/boing.dk\/wp-content\/uploads\/2024\/12\/pexels-photo-6668319.jpeg\" alt=\"\" class=\"uag-image-7\" width=\"500\" height=\"253\" title=\"services-03\" loading=\"lazy\" role=\"img\"\/><\/figure><\/div>\n\n\n\n<div class=\"wp-block-uagb-info-box uagb-block-a1cb7ee8 uagb-infobox__content-wrap  uagb-infobox-icon-above-title uagb-infobox-image-valign-top\"><div class=\"uagb-ifb-content\"><div class=\"uagb-ifb-title-wrap\"><h3 class=\"uagb-ifb-title\">Sjove Spil<\/h3><\/div><p class=\"uagb-ifb-desc\">Engager dit barn med en r\u00e6kke sjove og l\u00e6rerige spil.<\/p><\/div><\/div>\n<\/div>\n\n\n\n<div class=\"wp-block-uagb-container uagb-block-a229ebae\">\n<div class=\"wp-block-uagb-image aligncenter uagb-block-3d627590 wp-block-uagb-image--layout-default wp-block-uagb-image--effect-static wp-block-uagb-image--align-center\"><figure class=\"wp-block-uagb-image__figure\"><img decoding=\"async\" srcset=\"https:\/\/boing.dk\/wp-content\/uploads\/2024\/12\/pexels-photo-8242503.jpeg ,https:\/\/boing.dk\/wp-content\/uploads\/2024\/12\/pexels-photo-8242503.jpeg 780w, https:\/\/boing.dk\/wp-content\/uploads\/2024\/12\/pexels-photo-8242503.jpeg 360w\" sizes=\"auto, (max-width: 480px) 150px\" src=\"https:\/\/boing.dk\/wp-content\/uploads\/2024\/12\/pexels-photo-8242503.jpeg\" alt=\"\" class=\"uag-image-8\" width=\"500\" height=\"253\" title=\"services-04\" loading=\"lazy\" role=\"img\"\/><\/figure><\/div>\n\n\n\n<div class=\"wp-block-uagb-info-box uagb-block-6f1b03ff uagb-infobox__content-wrap  uagb-infobox-icon-above-title uagb-infobox-image-valign-top wp-block-uagb-info-box--has-margin\"><div class=\"uagb-infobox-margin-wrapper\"><div class=\"uagb-ifb-content\"><div class=\"uagb-ifb-title-wrap\"><h3 class=\"uagb-ifb-title\">P\u00e6dagogiske Opgaver<\/h3><\/div><p class=\"uagb-ifb-desc\">Oplev opgaver, der kombinerer sjov med l\u00e6ring og udvikler f\u00e6rdigheder.<\/p><\/div><\/div><\/div>\n<\/div>\n<\/div>\n\n\n\n<div class=\"wp-block-uagb-container uagb-block-fb2e0dc7\">\n<div class=\"wp-block-uagb-container uagb-block-0c55410f\">\n<div class=\"wp-block-uagb-image aligncenter uagb-block-3ad34934 wp-block-uagb-image--layout-default wp-block-uagb-image--effect-static wp-block-uagb-image--align-center\"><figure class=\"wp-block-uagb-image__figure\"><img decoding=\"async\" srcset=\"https:\/\/boing.dk\/wp-content\/uploads\/2024\/12\/pexels-photo-26856554.jpeg ,https:\/\/boing.dk\/wp-content\/uploads\/2024\/12\/pexels-photo-26856554.jpeg 780w, https:\/\/boing.dk\/wp-content\/uploads\/2024\/12\/pexels-photo-26856554.jpeg 360w\" sizes=\"auto, (max-width: 480px) 150px\" src=\"https:\/\/boing.dk\/wp-content\/uploads\/2024\/12\/pexels-photo-26856554.jpeg\" alt=\"\" class=\"uag-image-9\" width=\"500\" height=\"253\" title=\"services-05\" loading=\"lazy\" role=\"img\"\/><\/figure><\/div>\n\n\n\n<div class=\"wp-block-uagb-info-box uagb-block-3729f5bc uagb-infobox__content-wrap  uagb-infobox-icon-above-title uagb-infobox-image-valign-top\"><div class=\"uagb-ifb-content\"><div class=\"uagb-ifb-title-wrap\"><h3 class=\"uagb-ifb-title\">Sikker Online Milj\u00f8<\/h3><\/div><p class=\"uagb-ifb-desc\">Vores platform sikrer en tryg og sikker oplevelse for dit barn.<\/p><\/div><\/div>\n<\/div>\n\n\n\n<div class=\"wp-block-uagb-container uagb-block-85534ad9\">\n<div class=\"wp-block-uagb-image aligncenter uagb-block-ea634e5d wp-block-uagb-image--layout-default wp-block-uagb-image--effect-static wp-block-uagb-image--align-center\"><figure class=\"wp-block-uagb-image__figure\"><img decoding=\"async\" srcset=\"https:\/\/boing.dk\/wp-content\/uploads\/2024\/12\/pexels-photo-3661351.jpeg ,https:\/\/boing.dk\/wp-content\/uploads\/2024\/12\/pexels-photo-3661351.jpeg 780w, https:\/\/boing.dk\/wp-content\/uploads\/2024\/12\/pexels-photo-3661351.jpeg 360w\" sizes=\"auto, (max-width: 480px) 150px\" src=\"https:\/\/boing.dk\/wp-content\/uploads\/2024\/12\/pexels-photo-3661351.jpeg\" alt=\"\" class=\"uag-image-10\" width=\"500\" height=\"253\" title=\"services-06\" loading=\"lazy\" role=\"img\"\/><\/figure><\/div>\n\n\n\n<div class=\"wp-block-uagb-info-box uagb-block-e274281f uagb-infobox__content-wrap  uagb-infobox-icon-above-title uagb-infobox-image-valign-top wp-block-uagb-info-box--has-margin\"><div class=\"uagb-infobox-margin-wrapper\"><div class=\"uagb-ifb-content\"><div class=\"uagb-ifb-title-wrap\"><h3 class=\"uagb-ifb-title\">For\u00e6ldre V\u00e6rkt\u00f8jer<\/h3><\/div><p class=\"uagb-ifb-desc\">F\u00e5 indsigt og ressourcer til at st\u00f8tte dit barns l\u00e6ring derhjemme.<\/p><\/div><\/div><\/div>\n<\/div>\n<\/div>\n<\/div><\/div>\n\n\n\n<div class=\"wp-block-uagb-container uagb-block-3dbd19c5 alignfull uagb-is-root-container\"><div class=\"uagb-container-inner-blocks-wrap\">\n<div class=\"wp-block-uagb-info-box uagb-block-2b86e98a uagb-infobox__content-wrap  uagb-infobox-icon-above-title uagb-infobox-image-valign-top wp-block-uagb-info-box--has-margin\"><div class=\"uagb-infobox-margin-wrapper\"><div class=\"uagb-ifb-content\"><div class=\"uagb-ifb-title-wrap\"><span class=\"uagb-ifb-title-prefix\">Sp\u00f8rgsm\u00e5l og svar<\/span><h2 class=\"uagb-ifb-title\">Ofte stillede sp\u00f8rgsm\u00e5l<\/h2><\/div><p class=\"uagb-ifb-desc\">Her finder du svar p\u00e5 nogle af de mest almindelige sp\u00f8rgsm\u00e5l om Boing og vores tilbud til b\u00f8rn og for\u00e6ldre.<\/p><\/div><\/div><\/div>\n\n\n\n<div class=\"wp-block-uagb-container uagb-layout-grid uagb-block-00b819ad\"><div class=\"wp-block-uagb-faq uagb-faq__outer-wrap uagb-block-20e3fe0f uagb-faq-icon-row-reverse uagb-faq-layout-accordion uagb-faq-expand-first-true uagb-faq-inactive-other-true uagb-faq__wrap uagb-buttons-layout-wrap uagb-faq-equal-height     \" data-faqtoggle=\"true\" role=\"tablist\"><div class=\"wp-block-uagb-faq-child uagb-faq-child__outer-wrap uagb-faq-item uagb-block-2cb12a9c \" role=\"tab\" tabindex=\"0\"><div class=\"uagb-faq-questions-button uagb-faq-questions\">\t\t\t<span class=\"uagb-icon uagb-faq-icon-wrap\">\n\t\t\t\t\t\t\t\t<svg xmlns=\"https:\/\/www.w3.org\/2000\/svg\" viewBox= \"0 0 448 512\"><path d=\"M432 256c0 17.69-14.33 32.01-32 32.01H256v144c0 17.69-14.33 31.99-32 31.99s-32-14.3-32-31.99v-144H48c-17.67 0-32-14.32-32-32.01s14.33-31.99 32-31.99H192v-144c0-17.69 14.33-32.01 32-32.01s32 14.32 32 32.01v144h144C417.7 224 432 238.3 432 256z\"><\/path><\/svg>\n\t\t\t\t\t\t\t<\/span>\n\t\t\t\t\t\t<span class=\"uagb-icon-active uagb-faq-icon-wrap\">\n\t\t\t\t\t\t\t\t<svg xmlns=\"https:\/\/www.w3.org\/2000\/svg\" viewBox= \"0 0 448 512\"><path d=\"M400 288h-352c-17.69 0-32-14.32-32-32.01s14.31-31.99 32-31.99h352c17.69 0 32 14.3 32 31.99S417.7 288 400 288z\"><\/path><\/svg>\n\t\t\t\t\t\t\t<\/span>\n\t\t\t<span class=\"uagb-question\">Hvad tilbyder Boing til b\u00f8rn?<\/span><\/div><div class=\"uagb-faq-content\"><p>Boing tilbyder interaktive historier, kreative farvel\u00e6gningsopgaver og sjove spil. Alt er designet til at engagere b\u00f8rn i l\u00e6ring. Vores indhold kombinerer underholdning med uddannelse.<\/p><\/div><\/div><div class=\"wp-block-uagb-faq-child uagb-faq-child__outer-wrap uagb-faq-item uagb-block-37abc12f \" role=\"tab\" tabindex=\"0\"><div class=\"uagb-faq-questions-button uagb-faq-questions\">\t\t\t<span class=\"uagb-icon uagb-faq-icon-wrap\">\n\t\t\t\t\t\t\t\t<svg xmlns=\"https:\/\/www.w3.org\/2000\/svg\" viewBox= \"0 0 448 512\"><path d=\"M432 256c0 17.69-14.33 32.01-32 32.01H256v144c0 17.69-14.33 31.99-32 31.99s-32-14.3-32-31.99v-144H48c-17.67 0-32-14.32-32-32.01s14.33-31.99 32-31.99H192v-144c0-17.69 14.33-32.01 32-32.01s32 14.32 32 32.01v144h144C417.7 224 432 238.3 432 256z\"><\/path><\/svg>\n\t\t\t\t\t\t\t<\/span>\n\t\t\t\t\t\t<span class=\"uagb-icon-active uagb-faq-icon-wrap\">\n\t\t\t\t\t\t\t\t<svg xmlns=\"https:\/\/www.w3.org\/2000\/svg\" viewBox= \"0 0 448 512\"><path d=\"M400 288h-352c-17.69 0-32-14.32-32-32.01s14.31-31.99 32-31.99h352c17.69 0 32 14.3 32 31.99S417.7 288 400 288z\"><\/path><\/svg>\n\t\t\t\t\t\t\t<\/span>\n\t\t\t<span class=\"uagb-question\">Er Boing sikkert for b\u00f8rn?<\/span><\/div><div class=\"uagb-faq-content\"><p>Ja, Boing er skabt med b\u00f8rn i tankerne og tilbyder et sikkert online milj\u00f8. Vi prioriterer sikkerhed og privatliv. For\u00e6ldre kan trygt lade deres b\u00f8rn lege og l\u00e6re her.<\/p><\/div><\/div><div class=\"wp-block-uagb-faq-child uagb-faq-child__outer-wrap uagb-faq-item uagb-block-64233d34 \" role=\"tab\" tabindex=\"0\"><div class=\"uagb-faq-questions-button uagb-faq-questions\">\t\t\t<span class=\"uagb-icon uagb-faq-icon-wrap\">\n\t\t\t\t\t\t\t\t<svg xmlns=\"https:\/\/www.w3.org\/2000\/svg\" viewBox= \"0 0 448 512\"><path d=\"M432 256c0 17.69-14.33 32.01-32 32.01H256v144c0 17.69-14.33 31.99-32 31.99s-32-14.3-32-31.99v-144H48c-17.67 0-32-14.32-32-32.01s14.33-31.99 32-31.99H192v-144c0-17.69 14.33-32.01 32-32.01s32 14.32 32 32.01v144h144C417.7 224 432 238.3 432 256z\"><\/path><\/svg>\n\t\t\t\t\t\t\t<\/span>\n\t\t\t\t\t\t<span class=\"uagb-icon-active uagb-faq-icon-wrap\">\n\t\t\t\t\t\t\t\t<svg xmlns=\"https:\/\/www.w3.org\/2000\/svg\" viewBox= \"0 0 448 512\"><path d=\"M400 288h-352c-17.69 0-32-14.32-32-32.01s14.31-31.99 32-31.99h352c17.69 0 32 14.3 32 31.99S417.7 288 400 288z\"><\/path><\/svg>\n\t\t\t\t\t\t\t<\/span>\n\t\t\t<span class=\"uagb-question\">Hvordan kan jeg tilmelde mit barn?<\/span><\/div><div class=\"uagb-faq-content\"><p>For at tilmelde dit barn skal du bes\u00f8ge vores hjemmeside og f\u00f8lge tilmeldingsguiden. Det er en hurtig og enkel proces. Du vil hurtigt f\u00e5 adgang til alle vores sjove aktiviteter.<\/p><\/div><\/div><\/div>\n\n<div class=\"wp-block-uagb-faq uagb-faq__outer-wrap uagb-block-366b7fa2 uagb-faq-icon-row-reverse uagb-faq-layout-accordion uagb-faq-expand-first-true uagb-faq-inactive-other-true uagb-faq__wrap uagb-buttons-layout-wrap uagb-faq-equal-height     \" data-faqtoggle=\"true\" role=\"tablist\"><div class=\"wp-block-uagb-faq-child uagb-faq-child__outer-wrap uagb-faq-item uagb-block-4fe10143 \" role=\"tab\" tabindex=\"0\"><div class=\"uagb-faq-questions-button uagb-faq-questions\">\t\t\t<span class=\"uagb-icon uagb-faq-icon-wrap\">\n\t\t\t\t\t\t\t\t<svg xmlns=\"https:\/\/www.w3.org\/2000\/svg\" viewBox= \"0 0 448 512\"><path d=\"M432 256c0 17.69-14.33 32.01-32 32.01H256v144c0 17.69-14.33 31.99-32 31.99s-32-14.3-32-31.99v-144H48c-17.67 0-32-14.32-32-32.01s14.33-31.99 32-31.99H192v-144c0-17.69 14.33-32.01 32-32.01s32 14.32 32 32.01v144h144C417.7 224 432 238.3 432 256z\"><\/path><\/svg>\n\t\t\t\t\t\t\t<\/span>\n\t\t\t\t\t\t<span class=\"uagb-icon-active uagb-faq-icon-wrap\">\n\t\t\t\t\t\t\t\t<svg xmlns=\"https:\/\/www.w3.org\/2000\/svg\" viewBox= \"0 0 448 512\"><path d=\"M400 288h-352c-17.69 0-32-14.32-32-32.01s14.31-31.99 32-31.99h352c17.69 0 32 14.3 32 31.99S417.7 288 400 288z\"><\/path><\/svg>\n\t\t\t\t\t\t\t<\/span>\n\t\t\t<span class=\"uagb-question\">Er der aldersgr\u00e6nser for indholdet?<\/span><\/div><div class=\"uagb-faq-content\"><p>Ja, indholdet p\u00e5 Boing er designet til at passe til forskellige aldersgrupper. Vi tilbyder aktiviteter for b\u00e5de sm\u00e5b\u00f8rn og st\u00f8rre b\u00f8rn. Dette sikrer, at alle kan l\u00e6re og lege.<\/p><\/div><\/div><div class=\"wp-block-uagb-faq-child uagb-faq-child__outer-wrap uagb-faq-item uagb-block-272394b7 \" role=\"tab\" tabindex=\"0\"><div class=\"uagb-faq-questions-button uagb-faq-questions\">\t\t\t<span class=\"uagb-icon uagb-faq-icon-wrap\">\n\t\t\t\t\t\t\t\t<svg xmlns=\"https:\/\/www.w3.org\/2000\/svg\" viewBox= \"0 0 448 512\"><path d=\"M432 256c0 17.69-14.33 32.01-32 32.01H256v144c0 17.69-14.33 31.99-32 31.99s-32-14.3-32-31.99v-144H48c-17.67 0-32-14.32-32-32.01s14.33-31.99 32-31.99H192v-144c0-17.69 14.33-32.01 32-32.01s32 14.32 32 32.01v144h144C417.7 224 432 238.3 432 256z\"><\/path><\/svg>\n\t\t\t\t\t\t\t<\/span>\n\t\t\t\t\t\t<span class=\"uagb-icon-active uagb-faq-icon-wrap\">\n\t\t\t\t\t\t\t\t<svg xmlns=\"https:\/\/www.w3.org\/2000\/svg\" viewBox= \"0 0 448 512\"><path d=\"M400 288h-352c-17.69 0-32-14.32-32-32.01s14.31-31.99 32-31.99h352c17.69 0 32 14.3 32 31.99S417.7 288 400 288z\"><\/path><\/svg>\n\t\t\t\t\t\t\t<\/span>\n\t\t\t<span class=\"uagb-question\">Hvordan kan for\u00e6ldre involvere sig?<\/span><\/div><div class=\"uagb-faq-content\"><p>For\u00e6ldre kan aktivt deltage ved at st\u00f8tte deres b\u00f8rn i aktiviteterne. Vi opfordrer til samarbejde og deling af oplevelser. Dette g\u00f8r l\u00e6ring sjovere og mere meningsfuldt.<\/p><\/div><\/div><div class=\"wp-block-uagb-faq-child uagb-faq-child__outer-wrap uagb-faq-item uagb-block-28fdab6a \" role=\"tab\" tabindex=\"0\"><div class=\"uagb-faq-questions-button uagb-faq-questions\">\t\t\t<span class=\"uagb-icon uagb-faq-icon-wrap\">\n\t\t\t\t\t\t\t\t<svg xmlns=\"https:\/\/www.w3.org\/2000\/svg\" viewBox= \"0 0 448 512\"><path d=\"M432 256c0 17.69-14.33 32.01-32 32.01H256v144c0 17.69-14.33 31.99-32 31.99s-32-14.3-32-31.99v-144H48c-17.67 0-32-14.32-32-32.01s14.33-31.99 32-31.99H192v-144c0-17.69 14.33-32.01 32-32.01s32 14.32 32 32.01v144h144C417.7 224 432 238.3 432 256z\"><\/path><\/svg>\n\t\t\t\t\t\t\t<\/span>\n\t\t\t\t\t\t<span class=\"uagb-icon-active uagb-faq-icon-wrap\">\n\t\t\t\t\t\t\t\t<svg xmlns=\"https:\/\/www.w3.org\/2000\/svg\" viewBox= \"0 0 448 512\"><path d=\"M400 288h-352c-17.69 0-32-14.32-32-32.01s14.31-31.99 32-31.99h352c17.69 0 32 14.3 32 31.99S417.7 288 400 288z\"><\/path><\/svg>\n\t\t\t\t\t\t\t<\/span>\n\t\t\t<span class=\"uagb-question\">Hvilke typer spil tilbyder Boing?<\/span><\/div><div class=\"uagb-faq-content\"><p>Boing tilbyder forskellige kategorier af spil, herunder l\u00e6ringsspil, puslespil og kreative udfordringer. Alle spillene er designet til at stimulere b\u00f8rns fantasi. Det g\u00f8r leg til en l\u00e6rerig oplevelse.<\/p><\/div><\/div><\/div><\/div>\n<\/div><\/div>\n\n\n\n<div class=\"wp-block-uagb-container uagb-block-ab978807 alignfull uagb-is-root-container\"><div class=\"uagb-container-inner-blocks-wrap\">\n<div class=\"wp-block-uagb-info-box uagb-block-77740f19 uagb-infobox__content-wrap  uagb-infobox-icon-above-title uagb-infobox-image-valign-top\"><div class=\"uagb-ifb-content\"><div class=\"uagb-ifb-title-wrap\"><span class=\"uagb-ifb-title-prefix\">Tilmeld Dig<\/span><h2 class=\"uagb-ifb-title\">Bliv en del af vores farverige l\u00e6ringsf\u00e6llesskab i dag!<\/h2><\/div><p class=\"uagb-ifb-desc\">Tilmeld dig for at f\u00e5 adgang til eksklusive indhold, sjove opgaver og interaktive historier, der engagerer dit barn.<\/p><div class=\"uagb-ifb-button-wrapper wp-block-button\"><a href=\"\/contact\" class=\"uagb-infobox-cta-link wp-block-button__link\" target=\"_self\" rel=\"noopener noreferrer\" onclick=\"return true;\"><span class=\"uagb-inline-editing\">Start nu<\/span><\/a><\/div><\/div><\/div>\n<\/div><\/div>\n","protected":false},"excerpt":{"rendered":"<p>Underholdning&amp; L\u00e6ring Opdag en farverig verden med interaktive historier, kreative opgaver og sjove spil, der engagerer dit barn i en [&hellip;]<\/p>\n","protected":false},"author":1,"featured_media":0,"parent":0,"menu_order":0,"comment_status":"closed","ping_status":"closed","template":"","meta":{"_uag_custom_page_level_css":"","site-sidebar-layout":"default","site-content-layout":"","ast-site-content-layout":"","site-content-style":"default","site-sidebar-style":"default","ast-global-header-display":"","ast-banner-title-visibility":"","ast-main-header-display":"","ast-hfb-above-header-display":"","ast-hfb-below-header-display":"","ast-hfb-mobile-header-display":"","site-post-title":"disabled","ast-breadcrumbs-content":"","ast-featured-img":"","footer-sml-layout":"","theme-transparent-header-meta":"enabled","adv-header-id-meta":"","stick-header-meta":"","header-above-stick-meta":"","header-main-stick-meta":"","header-below-stick-meta":"","astra-migrate-meta-layouts":"default","ast-page-background-enabled":"default","ast-page-background-meta":{"desktop":{"background-color":"var(--ast-global-color-4)","background-image":"","background-repeat":"repeat","background-position":"center center","background-size":"auto","background-attachment":"scroll","background-type":"","background-media":"","overlay-type":"","overlay-color":"","overlay-opacity":"","overlay-gradient":""},"tablet":{"background-color":"","background-image":"","background-repeat":"repeat","background-position":"center center","background-size":"auto","background-attachment":"scroll","background-type":"","background-media":"","overlay-type":"","overlay-color":"","overlay-opacity":"","overlay-gradient":""},"mobile":{"background-color":"","background-image":"","background-repeat":"repeat","background-position":"center center","background-size":"auto","background-attachment":"scroll","background-type":"","background-media":"","overlay-type":"","overlay-color":"","overlay-opacity":"","overlay-gradient":""}},"ast-content-background-meta":{"desktop":{"background-color":"var(--ast-global-color-5)","background-image":"","background-repeat":"repeat","background-position":"center center","background-size":"auto","background-attachment":"scroll","background-type":"","background-media":"","overlay-type":"","overlay-color":"","overlay-opacity":"","overlay-gradient":""},"tablet":{"background-color":"var(--ast-global-color-5)","background-image":"","background-repeat":"repeat","background-position":"center center","background-size":"auto","background-attachment":"scroll","background-type":"","background-media":"","overlay-type":"","overlay-color":"","overlay-opacity":"","overlay-gradient":""},"mobile":{"background-color":"var(--ast-global-color-5)","background-image":"","background-repeat":"repeat","background-position":"center center","background-size":"auto","background-attachment":"scroll","background-type":"","background-media":"","overlay-type":"","overlay-color":"","overlay-opacity":"","overlay-gradient":""}},"footnotes":""},"class_list":["post-42","page","type-page","status-publish","hentry"],"uagb_featured_image_src":{"full":false,"thumbnail":false,"medium":false,"medium_large":false,"large":false,"1536x1536":false,"2048x2048":false},"uagb_author_info":{"display_name":"admin","author_link":"https:\/\/boing.dk\/?author=1"},"uagb_comment_info":0,"uagb_excerpt":"Underholdning&amp; L\u00e6ring Opdag en farverig verden med interaktive historier, kreative opgaver og sjove spil, der engagerer dit barn i en [&hellip;]","_links":{"self":[{"href":"https:\/\/boing.dk\/index.php?rest_route=\/wp\/v2\/pages\/42","targetHints":{"allow":["GET"]}}],"collection":[{"href":"https:\/\/boing.dk\/index.php?rest_route=\/wp\/v2\/pages"}],"about":[{"href":"https:\/\/boing.dk\/index.php?rest_route=\/wp\/v2\/types\/page"}],"author":[{"embeddable":true,"href":"https:\/\/boing.dk\/index.php?rest_route=\/wp\/v2\/users\/1"}],"replies":[{"embeddable":true,"href":"https:\/\/boing.dk\/index.php?rest_route=%2Fwp%2Fv2%2Fcomments&post=42"}],"version-history":[{"count":2,"href":"https:\/\/boing.dk\/index.php?rest_route=\/wp\/v2\/pages\/42\/revisions"}],"predecessor-version":[{"id":199,"href":"https:\/\/boing.dk\/index.php?rest_route=\/wp\/v2\/pages\/42\/revisions\/199"}],"wp:attachment":[{"href":"https:\/\/boing.dk\/index.php?rest_route=%2Fwp%2Fv2%2Fmedia&parent=42"}],"curies":[{"name":"wp","href":"https:\/\/api.w.org\/{rel}","templated":true}]}}